{"id":3904,"date":"2017-10-10T15:31:01","date_gmt":"2017-10-10T13:31:01","guid":{"rendered":"https:\/\/www.mobitech.dk\/?page_id=3904"},"modified":"2024-02-09T19:14:18","modified_gmt":"2024-02-09T18:14:18","slug":"driftinformation","status":"publish","type":"page","link":"https:\/\/www.mobitech.dk\/www\/driftinformation\/","title":{"rendered":"Driftinformation"},"content":{"rendered":"<p><div class=\"fusion-fullwidth fullwidth-box fusion-builder-row-1 fusion-flex-container hundred-percent-fullwidth non-hundred-percent-height-scrolling\" style=\"--awb-border-sizes-top:1px;--awb-border-sizes-bottom:1px;--awb-border-sizes-left:0px;--awb-border-sizes-right:0px;--awb-border-color:#939393;--awb-border-radius-top-left:0px;--awb-border-radius-top-right:0px;--awb-border-radius-bottom-right:0px;--awb-border-radius-bottom-left:0px;--awb-padding-top:20px;--awb-padding-right:0px;--awb-padding-bottom:20px;--awb-padding-left:0px;--awb-margin-top:0px;--awb-margin-bottom:0px;--awb-background-color:#f9f9f9;--awb-flex-wrap:wrap;\" ><div class=\"fusion-builder-row fusion-row fusion-flex-align-items-flex-start fusion-flex-content-wrap\" style=\"width:104% !important;max-width:104% !important;margin-left: calc(-4% \/ 2 );margin-right: calc(-4% \/ 2 );\"><div class=\"fusion-layout-column fusion_builder_column fusion-builder-column-0 fusion_builder_column_1_1 1_1 fusion-flex-column\" style=\"--awb-bg-size:cover;--awb-width-large:100%;--awb-margin-top-large:0px;--awb-spacing-right-large:1.92%;--awb-margin-bottom-large:0px;--awb-spacing-left-large:1.92%;--awb-width-medium:100%;--awb-spacing-right-medium:1.92%;--awb-spacing-left-medium:1.92%;--awb-width-small:100%;--awb-spacing-right-small:1.92%;--awb-spacing-left-small:1.92%;\"><div class=\"fusion-column-wrapper fusion-flex-justify-content-center fusion-content-layout-column\"><div class=\"fusion-title title fusion-title-1 fusion-sep-none fusion-title-text fusion-title-size-one\" style=\"--awb-margin-top-small:10px;--awb-margin-right-small:0px;--awb-margin-bottom-small:10px;--awb-margin-left-small:0px;\"><h1 class=\"fusion-title-heading title-heading-left\" style=\"margin:0;\"><p style=\"text-align: center;\">DRIFTINFORMATION<\/p><\/h1><\/div><div class=\"fusion-text fusion-text-1\"><h3 class=\"grey\" style=\"text-align: center;\"><span style=\"color: #808080;\">F\u00e5 et overblik over planlagte Opdaterering og evt. Driftforstyrrelser.<\/span><\/h3>\n<\/div><div class=\"fusion-modal modal fade modal-1 login_wp\" tabindex=\"-1\" role=\"dialog\" aria-labelledby=\"modal-heading-1\" aria-hidden=\"true\" style=\"--awb-border-color:#ebebeb;--awb-background:#ffffff;\"><div class=\"modal-dialog modal-sm\" role=\"document\"><div class=\"modal-content fusion-modal-content\"><div class=\"modal-header\"><button class=\"close\" type=\"button\" data-dismiss=\"modal\" aria-hidden=\"true\" aria-label=\"Close\">&times;<\/button><h3 class=\"modal-title\" id=\"modal-heading-1\" data-dismiss=\"modal\" aria-hidden=\"true\">BRUGER LOGIN<\/h3><\/div><div class=\"modal-body fusion-clearfix\">\n<p><strong>Indtast dine brugeroplysninger ..<\/strong><\/p>\n[cfp id=&#8221;2784&#8243; title=&#8221;Login_wp&#8221; pwd=&#8221;pass&#8221;]\n<\/div><\/div><\/div><\/div><\/div><\/div><\/div><\/div><div class=\"fusion-fullwidth fullwidth-box fusion-builder-row-2 fusion-flex-container nonhundred-percent-fullwidth non-hundred-percent-height-scrolling\" style=\"--awb-border-radius-top-left:0px;--awb-border-radius-top-right:0px;--awb-border-radius-bottom-right:0px;--awb-border-radius-bottom-left:0px;--awb-margin-top:20px;--awb-margin-bottom:0px;--awb-flex-wrap:wrap;\" ><div class=\"fusion-builder-row fusion-row fusion-flex-align-items-flex-start fusion-flex-content-wrap\" style=\"max-width:1216.8px;margin-left: calc(-4% \/ 2 );margin-right: calc(-4% \/ 2 );\"><div class=\"fusion-layout-column fusion_builder_column fusion-builder-column-1 fusion_builder_column_1_3 1_3 fusion-flex-column\" style=\"--awb-bg-size:cover;--awb-width-large:33.333333333333%;--awb-margin-top-large:0px;--awb-spacing-right-large:5.76%;--awb-margin-bottom-large:20px;--awb-spacing-left-large:5.76%;--awb-width-medium:33.333333333333%;--awb-spacing-right-medium:5.76%;--awb-spacing-left-medium:5.76%;--awb-width-small:100%;--awb-spacing-right-small:1.92%;--awb-spacing-left-small:1.92%;\"><div class=\"fusion-column-wrapper fusion-flex-justify-content-flex-start fusion-content-layout-column\"><\/div><\/div><div class=\"fusion-layout-column fusion_builder_column fusion-builder-column-2 fusion_builder_column_1_3 1_3 fusion-flex-column\" style=\"--awb-bg-color:#ffffff;--awb-bg-color-hover:#ffffff;--awb-bg-size:cover;--awb-width-large:33.333333333333%;--awb-margin-top-large:0px;--awb-spacing-right-large:5.76%;--awb-margin-bottom-large:20px;--awb-spacing-left-large:5.76%;--awb-width-medium:33.333333333333%;--awb-spacing-right-medium:5.76%;--awb-spacing-left-medium:5.76%;--awb-width-small:100%;--awb-spacing-right-small:1.92%;--awb-spacing-left-small:1.92%;\"><div class=\"fusion-column-wrapper fusion-flex-justify-content-flex-start fusion-content-layout-column\"><script type=\"text\/javascript\" src=\"\/\/www.email2sms.dk\/driftstatus\/server\/js\/bootstrap.min.js?v=1\"><\/script>\n\n<link rel=\"stylesheet\" type=\"text\/css\" href=\"\/\/www.email2sms.dk\/driftstatus\/server\/css\/bootstrap.min.css?v=1\">\n\n<script type=\"text\/javascript\">\n\tjQuery(function(){\n\t\tisForcedPopup = false;\n\n\t\tsetInterval(check_status, 3000);\n\t\tjQuery('img#mobitech-status-img').popover({trigger: 'hover'})\n\t});\n\n\tfunction check_status(url) {\n\t\turl = \"\/\/www.email2sms.dk\/driftstatus\/server\/status.cgi?id=1\";\n\n\t    jQuery.ajax({ \n            url: url, \n        }).done(function(msg) {\n          console.log(msg);\n          update_status(JSON.parse(msg));\n        });\n\t}\n\n\tfunction update_status(data) {\n\n\t\tjQuery('img#mobitech-status-img').attr('src', data.img);\n\t\tjQuery('img#mobitech-status-img').attr('data-content', data.text);\n\t\tjQuery('a#mobitech-status-link').attr('href', data.link);\n\t\tjQuery('p#mobitech-status-short-text').html(data.short_text);\n\t\tif (data.force_popup == \"true\" && !isForcedPopup) {\n\t\t\tjQuery('img#mobitech-status-img').popover('show');\n\t\t\tisForcedPopup = true;\n\t\t} else {\n        \tjQuery('img#mobitech-status-img').popover('hide');\n        }\n\t}\n<\/script>\n\n<div>\n<a id=\"mobitech-status-link\" target=\"_self\" href=\"\">\n\t<span style=\"margin:20px 20px 10px 0px;\"><b><u>Nuv\u00e6rende Driftstatus: <\/u><\/b><\/span>\n    <img decoding=\"async\" style=\"height:20px;\" id=\"mobitech-status-img\" src=\"\" data-container=\"body\" data-toggle=\"popover\" data-placement=\"bottom\" data-content=\"\">\n<\/a>\n<p id=\"mobitech-status-short-text\"><\/p>\n<\/div><\/div><\/div><div class=\"fusion-layout-column fusion_builder_column fusion-builder-column-3 fusion_builder_column_1_3 1_3 fusion-flex-column\" style=\"--awb-bg-size:cover;--awb-width-large:33.333333333333%;--awb-margin-top-large:0px;--awb-spacing-right-large:5.76%;--awb-margin-bottom-large:20px;--awb-spacing-left-large:5.76%;--awb-width-medium:33.333333333333%;--awb-spacing-right-medium:5.76%;--awb-spacing-left-medium:5.76%;--awb-width-small:100%;--awb-spacing-right-small:1.92%;--awb-spacing-left-small:1.92%;\"><div class=\"fusion-column-wrapper fusion-flex-justify-content-flex-start fusion-content-layout-column\"><\/div><\/div><div class=\"fusion-layout-column fusion_builder_column fusion-builder-column-4 fusion_builder_column_1_1 1_1 fusion-flex-column\" style=\"--awb-padding-top:5px;--awb-padding-right:20px;--awb-padding-bottom:5px;--awb-padding-left:20px;--awb-overflow:hidden;--awb-bg-color:#f2f2f2;--awb-bg-color-hover:#f2f2f2;--awb-bg-size:cover;--awb-border-radius:20px 20px 20px 20px;--awb-width-large:100%;--awb-margin-top-large:0px;--awb-spacing-right-large:1.92%;--awb-margin-bottom-large:20px;--awb-spacing-left-large:1.92%;--awb-width-medium:100%;--awb-order-medium:0;--awb-spacing-right-medium:1.92%;--awb-spacing-left-medium:1.92%;--awb-width-small:100%;--awb-order-small:0;--awb-spacing-right-small:1.92%;--awb-spacing-left-small:1.92%;\"><div class=\"fusion-column-wrapper fusion-column-has-shadow fusion-flex-justify-content-flex-start fusion-content-layout-column\"><ul style=\"--awb-iconcolor:#70d14d;--awb-line-height:27.2px;--awb-icon-width:27.2px;--awb-icon-height:27.2px;--awb-icon-margin:11.2px;--awb-content-margin:38.4px;\" class=\"fusion-checklist fusion-checklist-1 fusion-checklist-default type-icons\"><li class=\"fusion-li-item\" style=\"\"><span class=\"icon-wrapper circle-no\"><i class=\"fusion-li-icon fa-check-square far\" aria-hidden=\"true\"><\/i><\/span><div class=\"fusion-li-item-content\">\n<p><span style=\"color: #333333;\">Vi migrerer i perioden 09-11.02.2024 til ny cloud l\u00f8sning og der kan forekomme afbrydelser i vores services.<\/span><\/p>\n<\/div><\/li><li class=\"fusion-li-item\" style=\"--awb-iconcolor:#c96c6c;\"><span class=\"icon-wrapper circle-no\"><i class=\"fusion-li-icon fa-eye far\" aria-hidden=\"true\"><\/i><\/span><div class=\"fusion-li-item-content\">\n<p><strong>Sikkerheds Update [01.07.2023]<\/strong><\/p>\n<p>Vi oplever, som resten af markedet, \u00f8get aktivitet omkring fors\u00f8g p\u00e5 adgang til vores systemer og beder derfor vores kunder og samarbejdspartnere udvise p\u00e5passelighed og \u00f8ge den forn\u00f8dne sikkerhed i form af st\u00e6rkere password samt sikre ikke at dele personf\u00f8lsomme data i besked tjenester.<\/p>\n<p>Vi opdaterer hele tiden nye sikkerhedstiltag i denne forbindelse for at sikre services og stabilitet.<\/p>\n<p>Du vil kunne opleve perioder der kan bevirke begr\u00e6nset eller ustabil adgang til vores services.<\/p>\n<p>Hvis du oplever unormal aktivitet skal du rette henvendelse direkte til vores support.<\/p>\n<\/div><\/li><\/ul><\/div><\/div><div class=\"fusion-layout-column fusion_builder_column fusion-builder-column-5 fusion_builder_column_1_1 1_1 fusion-flex-column\" style=\"--awb-overflow:hidden;--awb-bg-color:#e8e8e8;--awb-bg-color-hover:#e8e8e8;--awb-bg-size:cover;--awb-border-radius:40px 40px 40px 40px;--awb-width-large:100%;--awb-margin-top-large:0px;--awb-spacing-right-large:1.92%;--awb-margin-bottom-large:20px;--awb-spacing-left-large:1.92%;--awb-width-medium:100%;--awb-order-medium:0;--awb-spacing-right-medium:1.92%;--awb-spacing-left-medium:1.92%;--awb-width-small:100%;--awb-order-small:0;--awb-spacing-right-small:1.92%;--awb-spacing-left-small:1.92%;\"><div class=\"fusion-column-wrapper fusion-column-has-shadow fusion-flex-justify-content-flex-start fusion-content-layout-column\">\n<div class=\"wpcf7 no-js\" id=\"wpcf7-f7487-o1\" lang=\"da-DK\" dir=\"ltr\" data-wpcf7-id=\"7487\">\n<div class=\"screen-reader-response\"><p role=\"status\" aria-live=\"polite\" aria-atomic=\"true\"><\/p> <ul><\/ul><\/div>\n<form action=\"\/www\/wp-json\/wp\/v2\/pages\/3904#wpcf7-f7487-o1\" method=\"post\" class=\"wpcf7-form init\" aria-label=\"Kontaktformular\" novalidate=\"novalidate\" data-status=\"init\">\n<fieldset class=\"hidden-fields-container\"><input type=\"hidden\" name=\"_wpcf7\" value=\"7487\" \/><input type=\"hidden\" name=\"_wpcf7_version\" value=\"6.1.5\" \/><input type=\"hidden\" name=\"_wpcf7_locale\" value=\"da_DK\" \/><input type=\"hidden\" name=\"_wpcf7_unit_tag\" value=\"wpcf7-f7487-o1\" \/><input type=\"hidden\" name=\"_wpcf7_container_post\" value=\"0\" \/><input type=\"hidden\" name=\"_wpcf7_posted_data_hash\" value=\"\" \/><input type=\"hidden\" name=\"_wpcf7_recaptcha_response\" value=\"\" \/>\n<\/fieldset>\n<h2>\u00d8nsker du at modtage drift information ?\n<\/h2>\n<p><span class=\"wpcf7-form-control-wrap\" data-name=\"kontakt-email\"><input size=\"40\" maxlength=\"400\" class=\"wpcf7-form-control wpcf7-email wpcf7-text wpcf7-validates-as-email\" aria-invalid=\"false\" placeholder=\"Indtast din e-mail\" value=\"\" type=\"email\" name=\"kontakt-email\" \/><\/span>\n<\/p>\n<p><span class=\"wpcf7-form-control-wrap\" data-name=\"tel-65\"><input size=\"40\" maxlength=\"400\" class=\"wpcf7-form-control wpcf7-tel wpcf7-text wpcf7-validates-as-tel\" aria-invalid=\"false\" placeholder=\"Indtast Telefon\" value=\"\" type=\"tel\" name=\"tel-65\" \/><\/span>\n<\/p>\n<p><span class=\"wpcf7-form-control-wrap\" data-name=\"kontakt-firma\"><input size=\"40\" maxlength=\"400\" class=\"wpcf7-form-control wpcf7-text\" aria-invalid=\"false\" placeholder=\"Indtast dit firmanavn\" value=\"\" type=\"text\" name=\"kontakt-firma\" \/><\/span><br \/>\n<span class=\"wpcf7-form-control-wrap\" data-name=\"kontakt-navn\"><input size=\"40\" maxlength=\"400\" class=\"wpcf7-form-control wpcf7-text\" aria-invalid=\"false\" placeholder=\"Indtast dit Navn\" value=\"\" type=\"text\" name=\"kontakt-navn\" \/><\/span>\n<\/p>\n\n<p><input class=\"wpcf7-form-control wpcf7-submit has-spinner\" type=\"submit\" value=\"Send\" \/>\n<\/p><div class=\"fusion-alert alert custom alert-custom fusion-alert-center wpcf7-response-output awb-alert-native-link-color alert-dismissable awb-alert-close-boxed\" style=\"--awb-border-top-left-radius:0px;--awb-border-top-right-radius:0px;--awb-border-bottom-left-radius:0px;--awb-border-bottom-right-radius:0px;\" role=\"alert\"><div class=\"fusion-alert-content-wrapper\"><span class=\"fusion-alert-content\"><\/span><\/div><button type=\"button\" class=\"close toggle-alert\" data-dismiss=\"alert\" aria-label=\"Close\">&times;<\/button><\/div>\n<\/form>\n<\/div>\n<\/div><\/div><\/div><\/div><div class=\"fusion-fullwidth fullwidth-box fusion-builder-row-3 fusion-flex-container nonhundred-percent-fullwidth non-hundred-percent-height-scrolling\" style=\"--awb-border-radius-top-left:0px;--awb-border-radius-top-right:0px;--awb-border-radius-bottom-right:0px;--awb-border-radius-bottom-left:0px;--awb-padding-top:20px;--awb-flex-wrap:wrap;\" ><div class=\"fusion-builder-row fusion-row fusion-flex-align-items-flex-start fusion-flex-content-wrap\" style=\"max-width:1216.8px;margin-left: calc(-4% \/ 2 );margin-right: calc(-4% \/ 2 );\"><div class=\"fusion-layout-column fusion_builder_column fusion-builder-column-6 fusion_builder_column_1_1 1_1 fusion-flex-column\" style=\"--awb-bg-color:rgba(255,255,255,0.36);--awb-bg-color-hover:rgba(255,255,255,0.36);--awb-bg-size:cover;--awb-width-large:100%;--awb-margin-top-large:0px;--awb-spacing-right-large:1.92%;--awb-margin-bottom-large:20px;--awb-spacing-left-large:1.92%;--awb-width-medium:100%;--awb-spacing-right-medium:1.92%;--awb-spacing-left-medium:1.92%;--awb-width-small:100%;--awb-spacing-right-small:1.92%;--awb-spacing-left-small:1.92%;\"><div class=\"fusion-column-wrapper fusion-flex-justify-content-center fusion-content-layout-column\"><div class=\"fusion-text fusion-text-2\"><h2>Historie<\/h2>\n<\/div><div class=\"fusion-text fusion-text-3\"><p>[06.03.2023 kl. 07.00] <span style=\"color: #99cc00;\">STATUS :\u00a0 \u00a0[SOLVED] 07.28 &#8211; Udfordringer med TDC mobilkunder.<\/span><\/p>\n<p><del>Vi oplever fejl p\u00e5 TDC mobilnetv\u00e6rk som betyder ingen eller begr\u00e6nset leverings af SMS beskeder.<\/del><\/p>\n<\/div><div class=\"fusion-text fusion-text-4\"><p>[07.03.2023 kl. 11.00] <span style=\"color: #99cc00;\">STATUS :\u00a0 \u00a0[SOLVED] 13.54 &#8211; Udfordringer med TDC mobilkunder.<\/span><\/p>\n<p><del>Vi oplever fejl p\u00e5 TDC mobilnetv\u00e6rk som betyder ingen eller begr\u00e6nset leverings af SMS beskeder.<\/del><\/p>\n<\/div><div class=\"fusion-text fusion-text-5\"><p>[19.03.2018 kl. 10.20]\u00a0<span style=\"color: #99cc00;\">STATUS :\u00a0 \u00a0[SOLVED] 12.00 &#8211; Problemet er l\u00f8st.<\/span><\/p>\n<p><del>Vi oplever fejl p\u00e5 en af vores retursvar gateways og der er en tekniker p\u00e5 sagen, fejlen bevirker ustabilitet p\u00e5 enkelte retursvar.<\/del><\/p>\n<\/div><div class=\"fusion-text fusion-text-6\"><h3>Planlagte opdateringer<\/h3>\n<\/div><hr><div class=\"fusion-text fusion-text-7\"><p><em>[Support Team]<\/em><\/p>\n<p>Vi har ingen planlagte oml\u00e6gninger.<\/p>\n<\/div><\/div><\/div><\/div><\/div><\/p>\n","protected":false},"excerpt":{"rendered":"","protected":false},"author":1,"featured_media":0,"parent":0,"menu_order":0,"comment_status":"closed","ping_status":"closed","template":"","meta":{"footnotes":""},"class_list":["post-3904","page","type-page","status-publish","hentry"],"_links":{"self":[{"href":"https:\/\/www.mobitech.dk\/www\/wp-json\/wp\/v2\/pages\/3904","targetHints":{"allow":["GET"]}}],"collection":[{"href":"https:\/\/www.mobitech.dk\/www\/wp-json\/wp\/v2\/pages"}],"about":[{"href":"https:\/\/www.mobitech.dk\/www\/wp-json\/wp\/v2\/types\/page"}],"author":[{"embeddable":true,"href":"https:\/\/www.mobitech.dk\/www\/wp-json\/wp\/v2\/users\/1"}],"replies":[{"embeddable":true,"href":"https:\/\/www.mobitech.dk\/www\/wp-json\/wp\/v2\/comments?post=3904"}],"version-history":[{"count":0,"href":"https:\/\/www.mobitech.dk\/www\/wp-json\/wp\/v2\/pages\/3904\/revisions"}],"wp:attachment":[{"href":"https:\/\/www.mobitech.dk\/www\/wp-json\/wp\/v2\/media?parent=3904"}],"curies":[{"name":"wp","href":"https:\/\/api.w.org\/{rel}","templated":true}]}}